{"id":1013,"date":"2017-03-19T01:05:06","date_gmt":"2017-03-19T00:05:06","guid":{"rendered":"https:\/\/simskolansmagrodorna.se\/?page_id=1013"},"modified":"2023-06-07T21:14:22","modified_gmt":"2023-06-07T19:14:22","slug":"nivaer","status":"publish","type":"page","link":"https:\/\/simskolansmagrodorna.se\/test-stage7\/nivaer\/","title":{"rendered":"Niv\u00e5er i simskolan"},"content":{"rendered":"<h1>Niv\u00e5er<\/h1>\n<p>Vi hj\u00e4lper dig att v\u00e4lja r\u00e4tt niv\u00e5 f\u00f6r just ditt barn<\/p>\n","protected":false},"excerpt":{"rendered":"<p>Niv\u00e5er Vi hj\u00e4lper dig att v\u00e4lja r\u00e4tt niv\u00e5 f\u00f6r just ditt barn<\/p>\n","protected":false},"author":3,"featured_media":17026,"parent":0,"menu_order":0,"comment_status":"closed","ping_status":"closed","template":"template-levels-page.php","meta":{"inline_featured_image":false},"acf":[],"_links":{"self":[{"href":"https:\/\/simskolansmagrodorna.se\/test-stage7\/wp-json\/wp\/v2\/pages\/1013"}],"collection":[{"href":"https:\/\/simskolansmagrodorna.se\/test-stage7\/wp-json\/wp\/v2\/pages"}],"about":[{"href":"https:\/\/simskolansmagrodorna.se\/test-stage7\/wp-json\/wp\/v2\/types\/page"}],"author":[{"embeddable":true,"href":"https:\/\/simskolansmagrodorna.se\/test-stage7\/wp-json\/wp\/v2\/users\/3"}],"replies":[{"embeddable":true,"href":"https:\/\/simskolansmagrodorna.se\/test-stage7\/wp-json\/wp\/v2\/comments?post=1013"}],"version-history":[{"count":21,"href":"https:\/\/simskolansmagrodorna.se\/test-stage7\/wp-json\/wp\/v2\/pages\/1013\/revisions"}],"predecessor-version":[{"id":17596,"href":"https:\/\/simskolansmagrodorna.se\/test-stage7\/wp-json\/wp\/v2\/pages\/1013\/revisions\/17596"}],"wp:featuredmedia":[{"embeddable":true,"href":"https:\/\/simskolansmagrodorna.se\/test-stage7\/wp-json\/wp\/v2\/media\/17026"}],"wp:attachment":[{"href":"https:\/\/simskolansmagrodorna.se\/test-stage7\/wp-json\/wp\/v2\/media?parent=1013"}],"curies":[{"name":"wp","href":"https:\/\/api.w.org\/{rel}","templated":true}]}}