{"id":17106,"date":"2023-05-20T09:47:17","date_gmt":"2023-05-20T07:47:17","guid":{"rendered":"https:\/\/simskolansmagrodorna.se\/?page_id=17106"},"modified":"2023-05-20T09:58:18","modified_gmt":"2023-05-20T07:58:18","slug":"vanliga-fragor-simskola","status":"publish","type":"page","link":"https:\/\/simskolansmagrodorna.se\/test-stage7\/vanliga-fragor-simskola\/","title":{"rendered":"Vanliga fr\u00e5gor simskola"},"content":{"rendered":"<h1>Vanliga fr\u00e5gor simskola<\/h1>\n<p>H\u00e4r kan du f\u00e5 svar p\u00e5 dom vanligaste fr\u00e5gorna<\/p>\n","protected":false},"excerpt":{"rendered":"<p>Vanliga fr\u00e5gor simskola H\u00e4r kan du f\u00e5 svar p\u00e5 dom vanligaste fr\u00e5gorna<\/p>\n","protected":false},"author":3,"featured_media":17082,"parent":0,"menu_order":0,"comment_status":"closed","ping_status":"closed","template":"template-faqs-page.php","meta":{"inline_featured_image":false},"acf":[],"_links":{"self":[{"href":"https:\/\/simskolansmagrodorna.se\/test-stage7\/wp-json\/wp\/v2\/pages\/17106"}],"collection":[{"href":"https:\/\/simskolansmagrodorna.se\/test-stage7\/wp-json\/wp\/v2\/pages"}],"about":[{"href":"https:\/\/simskolansmagrodorna.se\/test-stage7\/wp-json\/wp\/v2\/types\/page"}],"author":[{"embeddable":true,"href":"https:\/\/simskolansmagrodorna.se\/test-stage7\/wp-json\/wp\/v2\/users\/3"}],"replies":[{"embeddable":true,"href":"https:\/\/simskolansmagrodorna.se\/test-stage7\/wp-json\/wp\/v2\/comments?post=17106"}],"version-history":[{"count":4,"href":"https:\/\/simskolansmagrodorna.se\/test-stage7\/wp-json\/wp\/v2\/pages\/17106\/revisions"}],"predecessor-version":[{"id":17598,"href":"https:\/\/simskolansmagrodorna.se\/test-stage7\/wp-json\/wp\/v2\/pages\/17106\/revisions\/17598"}],"wp:featuredmedia":[{"embeddable":true,"href":"https:\/\/simskolansmagrodorna.se\/test-stage7\/wp-json\/wp\/v2\/media\/17082"}],"wp:attachment":[{"href":"https:\/\/simskolansmagrodorna.se\/test-stage7\/wp-json\/wp\/v2\/media?parent=17106"}],"curies":[{"name":"wp","href":"https:\/\/api.w.org\/{rel}","templated":true}]}}