{"id":5254,"date":"2018-07-26T20:01:11","date_gmt":"2018-07-26T18:01:11","guid":{"rendered":"https:\/\/simskolansmagrodorna.se\/?post_type=product&#038;p=5254"},"modified":"2023-06-06T07:13:33","modified_gmt":"2023-06-06T05:13:33","slug":"norrtalje-sommar","status":"publish","type":"product","link":"https:\/\/simskolansmagrodorna.se\/test-stage7\/simskola\/norrtalje-sommar\/","title":{"rendered":"Simskola i Norrt\u00e4lje"},"content":{"rendered":"<p><!--\n\n[contact-form-7 id=\"4557\" title=\"Reservlista\"]\n\n--><\/p>\n","protected":false},"excerpt":{"rendered":"<p>Simskolan Sm\u00e5 Grodorna h\u00e5ller sommarsimskola f\u00f6r barn vid str\u00e4nder runt om i Norrt\u00e4lje och g\u00f6r allt f\u00f6r att det ska bli barnens roligaste veckor p\u00e5 hela sommaren \u2013 d\u00e5 l\u00e4r de sig snabbare! Varmt v\u00e4lkomna!<\/p>\n","protected":false},"featured_media":1491,"comment_status":"closed","ping_status":"closed","template":"","meta":{"inline_featured_image":false},"product_cat":[19],"product_tag":[],"acf":[],"_links":{"self":[{"href":"https:\/\/simskolansmagrodorna.se\/test-stage7\/wp-json\/wp\/v2\/product\/5254"}],"collection":[{"href":"https:\/\/simskolansmagrodorna.se\/test-stage7\/wp-json\/wp\/v2\/product"}],"about":[{"href":"https:\/\/simskolansmagrodorna.se\/test-stage7\/wp-json\/wp\/v2\/types\/product"}],"replies":[{"embeddable":true,"href":"https:\/\/simskolansmagrodorna.se\/test-stage7\/wp-json\/wp\/v2\/comments?post=5254"}],"wp:featuredmedia":[{"embeddable":true,"href":"https:\/\/simskolansmagrodorna.se\/test-stage7\/wp-json\/wp\/v2\/media\/1491"}],"wp:attachment":[{"href":"https:\/\/simskolansmagrodorna.se\/test-stage7\/wp-json\/wp\/v2\/media?parent=5254"}],"wp:term":[{"taxonomy":"product_cat","embeddable":true,"href":"https:\/\/simskolansmagrodorna.se\/test-stage7\/wp-json\/wp\/v2\/product_cat?post=5254"},{"taxonomy":"product_tag","embeddable":true,"href":"https:\/\/simskolansmagrodorna.se\/test-stage7\/wp-json\/wp\/v2\/product_tag?post=5254"}],"curies":[{"name":"wp","href":"https:\/\/api.w.org\/{rel}","templated":true}]}}