{"id":6364,"date":"2020-03-03T19:09:52","date_gmt":"2020-03-03T18:09:52","guid":{"rendered":"https:\/\/simskolansmagrodorna.se\/?post_type=product&#038;p=6364"},"modified":"2023-06-06T07:12:38","modified_gmt":"2023-06-06T05:12:38","slug":"haninge","status":"publish","type":"product","link":"https:\/\/simskolansmagrodorna.se\/test-stage7\/simskola\/haninge\/","title":{"rendered":"Simskola i Haninge"},"content":{"rendered":"<p><!--\n\n[contact-form-7 id=\"4557\" title=\"Reservlista\"]\n\n--><\/p>\n","protected":false},"excerpt":{"rendered":"<p>Simskolan Sm\u00e5 Grodorna h\u00e5ller sommarsimskola f\u00f6r barn vid G\u00e5rdens Bad i Vendels\u00f6 och Albybadet (i Tyres\u00f6) och g\u00f6r allt f\u00f6r att det ska bli barnens roligaste veckor p\u00e5 hela sommaren \u2013 d\u00e5 l\u00e4r de sig snabbare! Varmt v\u00e4lkomna!<\/p>\n","protected":false},"featured_media":5872,"comment_status":"closed","ping_status":"closed","template":"","meta":{"inline_featured_image":false},"product_cat":[19,20],"product_tag":[],"acf":[],"_links":{"self":[{"href":"https:\/\/simskolansmagrodorna.se\/test-stage7\/wp-json\/wp\/v2\/product\/6364"}],"collection":[{"href":"https:\/\/simskolansmagrodorna.se\/test-stage7\/wp-json\/wp\/v2\/product"}],"about":[{"href":"https:\/\/simskolansmagrodorna.se\/test-stage7\/wp-json\/wp\/v2\/types\/product"}],"replies":[{"embeddable":true,"href":"https:\/\/simskolansmagrodorna.se\/test-stage7\/wp-json\/wp\/v2\/comments?post=6364"}],"wp:featuredmedia":[{"embeddable":true,"href":"https:\/\/simskolansmagrodorna.se\/test-stage7\/wp-json\/wp\/v2\/media\/5872"}],"wp:attachment":[{"href":"https:\/\/simskolansmagrodorna.se\/test-stage7\/wp-json\/wp\/v2\/media?parent=6364"}],"wp:term":[{"taxonomy":"product_cat","embeddable":true,"href":"https:\/\/simskolansmagrodorna.se\/test-stage7\/wp-json\/wp\/v2\/product_cat?post=6364"},{"taxonomy":"product_tag","embeddable":true,"href":"https:\/\/simskolansmagrodorna.se\/test-stage7\/wp-json\/wp\/v2\/product_tag?post=6364"}],"curies":[{"name":"wp","href":"https:\/\/api.w.org\/{rel}","templated":true}]}}