{"id":8387,"date":"2020-11-05T14:41:45","date_gmt":"2020-11-05T13:41:45","guid":{"rendered":"https:\/\/simskolansmagrodorna.se\/?post_type=product&#038;p=8387"},"modified":"2023-06-06T07:12:25","modified_gmt":"2023-06-06T05:12:25","slug":"uppsala","status":"publish","type":"product","link":"https:\/\/simskolansmagrodorna.se\/test-stage7\/simskola\/uppsala\/","title":{"rendered":"Simskola i Uppsala"},"content":{"rendered":"<\/p>\n<p><!--\n\n[contact-form-7 id=\"4557\" title=\"Reservlista\"]\n\n--><\/p>\n","protected":false},"excerpt":{"rendered":"<p>Simskolan Sm\u00e5 Grodorna h\u00e5ller sommarsimskola f\u00f6r barn vid str\u00e4nder runt om i Uppsala och g\u00f6r allt f\u00f6r att det ska bli barnens roligaste veckor p\u00e5 hela sommaren \u2013 d\u00e5 l\u00e4r de sig simma fortare! Varmt v\u00e4lkomna!<\/p>\n<p>Simkurserna finns vid Lyssna\u00e4ngsbadet, Sandviksbadet och Storvadsbadet.<\/p>\n","protected":false},"featured_media":5872,"comment_status":"open","ping_status":"closed","template":"","meta":{"inline_featured_image":false},"product_cat":[20],"product_tag":[],"acf":[],"_links":{"self":[{"href":"https:\/\/simskolansmagrodorna.se\/test-stage7\/wp-json\/wp\/v2\/product\/8387"}],"collection":[{"href":"https:\/\/simskolansmagrodorna.se\/test-stage7\/wp-json\/wp\/v2\/product"}],"about":[{"href":"https:\/\/simskolansmagrodorna.se\/test-stage7\/wp-json\/wp\/v2\/types\/product"}],"replies":[{"embeddable":true,"href":"https:\/\/simskolansmagrodorna.se\/test-stage7\/wp-json\/wp\/v2\/comments?post=8387"}],"wp:featuredmedia":[{"embeddable":true,"href":"https:\/\/simskolansmagrodorna.se\/test-stage7\/wp-json\/wp\/v2\/media\/5872"}],"wp:attachment":[{"href":"https:\/\/simskolansmagrodorna.se\/test-stage7\/wp-json\/wp\/v2\/media?parent=8387"}],"wp:term":[{"taxonomy":"product_cat","embeddable":true,"href":"https:\/\/simskolansmagrodorna.se\/test-stage7\/wp-json\/wp\/v2\/product_cat?post=8387"},{"taxonomy":"product_tag","embeddable":true,"href":"https:\/\/simskolansmagrodorna.se\/test-stage7\/wp-json\/wp\/v2\/product_tag?post=8387"}],"curies":[{"name":"wp","href":"https:\/\/api.w.org\/{rel}","templated":true}]}}