{"id":8447,"date":"2020-11-12T00:05:44","date_gmt":"2020-11-11T23:05:44","guid":{"rendered":"https:\/\/simskolansmagrodorna.se\/?post_type=product&#038;p=8447"},"modified":"2023-06-06T07:08:27","modified_gmt":"2023-06-06T05:08:27","slug":"tyreso","status":"publish","type":"product","link":"https:\/\/simskolansmagrodorna.se\/test-stage7\/simskola\/tyreso\/","title":{"rendered":"Simskola i Tyres\u00f6"},"content":{"rendered":"<p><!--\n\n[contact-form-7 id=\"4557\" title=\"Reservlista\"]\n\n--><\/p>\n","protected":false},"excerpt":{"rendered":"<p>Simskolan Sm\u00e5 Grodorna h\u00e5ller sommarsimskola f\u00f6r barn vid Albybadet i Tyres\u00f6 och g\u00f6r allt f\u00f6r att det ska bli barnens roligaste veckor p\u00e5 hela sommaren \u2013 d\u00e5 l\u00e4r de sig simma snabbare! Varmt v\u00e4lkomna!<\/p>\n<p>Vi finns \u00e4ven vid Flatenbadet (Barnbadet) i <a href=\"https:\/\/simskolansmagrodorna.se\/simskola\/stockholm\/\" style=\"color: #fff; text-decoration: underline;\">Skarpn\u00e4ck<\/a> och G\u00e5rdens Bad i <a href=\"https:\/\/simskolansmagrodorna.se\/simskola\/haninge\/\" style=\"color: #fff; text-decoration: underline;\">Haninge<\/a>.<\/p>\n","protected":false},"featured_media":5872,"comment_status":"open","ping_status":"closed","template":"","meta":{"inline_featured_image":false},"product_cat":[20],"product_tag":[],"acf":[],"_links":{"self":[{"href":"https:\/\/simskolansmagrodorna.se\/test-stage7\/wp-json\/wp\/v2\/product\/8447"}],"collection":[{"href":"https:\/\/simskolansmagrodorna.se\/test-stage7\/wp-json\/wp\/v2\/product"}],"about":[{"href":"https:\/\/simskolansmagrodorna.se\/test-stage7\/wp-json\/wp\/v2\/types\/product"}],"replies":[{"embeddable":true,"href":"https:\/\/simskolansmagrodorna.se\/test-stage7\/wp-json\/wp\/v2\/comments?post=8447"}],"wp:featuredmedia":[{"embeddable":true,"href":"https:\/\/simskolansmagrodorna.se\/test-stage7\/wp-json\/wp\/v2\/media\/5872"}],"wp:attachment":[{"href":"https:\/\/simskolansmagrodorna.se\/test-stage7\/wp-json\/wp\/v2\/media?parent=8447"}],"wp:term":[{"taxonomy":"product_cat","embeddable":true,"href":"https:\/\/simskolansmagrodorna.se\/test-stage7\/wp-json\/wp\/v2\/product_cat?post=8447"},{"taxonomy":"product_tag","embeddable":true,"href":"https:\/\/simskolansmagrodorna.se\/test-stage7\/wp-json\/wp\/v2\/product_tag?post=8447"}],"curies":[{"name":"wp","href":"https:\/\/api.w.org\/{rel}","templated":true}]}}