{"id":8464,"date":"2020-11-13T11:57:43","date_gmt":"2020-11-13T10:57:43","guid":{"rendered":"https:\/\/simskolansmagrodorna.se\/?post_type=product&#038;p=8464"},"modified":"2023-06-06T07:15:47","modified_gmt":"2023-06-06T05:15:47","slug":"goteborg","status":"publish","type":"product","link":"https:\/\/simskolansmagrodorna.se\/test-stage7\/simskola\/goteborg\/","title":{"rendered":"Simskola i G\u00f6teborg"},"content":{"rendered":"<p><!--\n\n[contact-form-7 id=\"4557\" title=\"Reservlista\"]\n\n--><\/p>\n","protected":false},"excerpt":{"rendered":"<p>Simskolan Sm\u00e5 Grodorna h\u00e5ller sommarsimskola f\u00f6r barn vid str\u00e4nder i G\u00f6teborg och g\u00f6r allt f\u00f6r att det ska bli barnens roligaste veckor p\u00e5 hela sommaren \u2013 d\u00e5 l\u00e4r de sig snabbare! Varmt v\u00e4lkomna!<\/p>\n","protected":false},"featured_media":5872,"comment_status":"open","ping_status":"closed","template":"","meta":{"inline_featured_image":false},"product_cat":[20],"product_tag":[],"acf":[],"_links":{"self":[{"href":"https:\/\/simskolansmagrodorna.se\/test-stage7\/wp-json\/wp\/v2\/product\/8464"}],"collection":[{"href":"https:\/\/simskolansmagrodorna.se\/test-stage7\/wp-json\/wp\/v2\/product"}],"about":[{"href":"https:\/\/simskolansmagrodorna.se\/test-stage7\/wp-json\/wp\/v2\/types\/product"}],"replies":[{"embeddable":true,"href":"https:\/\/simskolansmagrodorna.se\/test-stage7\/wp-json\/wp\/v2\/comments?post=8464"}],"wp:featuredmedia":[{"embeddable":true,"href":"https:\/\/simskolansmagrodorna.se\/test-stage7\/wp-json\/wp\/v2\/media\/5872"}],"wp:attachment":[{"href":"https:\/\/simskolansmagrodorna.se\/test-stage7\/wp-json\/wp\/v2\/media?parent=8464"}],"wp:term":[{"taxonomy":"product_cat","embeddable":true,"href":"https:\/\/simskolansmagrodorna.se\/test-stage7\/wp-json\/wp\/v2\/product_cat?post=8464"},{"taxonomy":"product_tag","embeddable":true,"href":"https:\/\/simskolansmagrodorna.se\/test-stage7\/wp-json\/wp\/v2\/product_tag?post=8464"}],"curies":[{"name":"wp","href":"https:\/\/api.w.org\/{rel}","templated":true}]}}